{"id":617,"date":"2021-11-03T15:13:53","date_gmt":"2021-11-03T13:13:53","guid":{"rendered":"https:\/\/barbatidesucces.ro\/?page_id=617"},"modified":"2022-11-01T18:30:05","modified_gmt":"2022-11-01T16:30:05","slug":"sebastian-stan","status":"publish","type":"page","link":"https:\/\/barbatidesucces.ro\/2021\/sebastian-stan\/","title":{"rendered":"Sebastian STAN<br\/>locul 10 \/  7.645 puncte"},"content":{"rendered":"<p>[vc_row full_width=&#8221;stretch_row&#8221;][vc_column width=&#8221;1\/2&#8243;][vc_custom_heading text=&#8221;Sebastian STAN&#8221; font_container=&#8221;tag:h1|text_align:left|color:%23061539&#8243; use_theme_fonts=&#8221;yes&#8221; el_class=&#8221;vc_hidden-lg vc_hidden-md&#8221;][vc_row_inner][vc_column_inner][vc_single_image image=&#8221;618&#8243; img_size=&#8221;1200&#215;1200&#8243; alignment=&#8221;center&#8221; el_class=&#8221;imagine-top-barbati&#8221;][\/vc_column_inner][\/vc_row_inner][vc_row_inner equal_height=&#8221;yes&#8221; content_placement=&#8221;middle&#8221;][vc_column_inner width=&#8221;1\/3&#8243; offset=&#8221;vc_col-xs-4&#8243;][vc_single_image image=&#8221;619&#8243; img_size=&#8221;full&#8221; alignment=&#8221;center&#8221; el_class=&#8221;numar-top&#8221; css=&#8221;.vc_custom_1635945189349{margin-top: -150px !important;}&#8221;][\/vc_column_inner][vc_column_inner width=&#8221;2\/3&#8243; offset=&#8221;vc_col-xs-8&#8243;][vc_custom_heading text=&#8221;7.645 puncte&#8221; use_theme_fonts=&#8221;yes&#8221; el_class=&#8221;puncte_top&#8221;][\/vc_column_inner][\/vc_row_inner][\/vc_column][vc_column width=&#8221;1\/2&#8243;][vc_custom_heading text=&#8221;Sebastian STAN&#8221; font_container=&#8221;tag:h1|font_size:3.0625rem|text_align:left|color:%23061539&#8243; use_theme_fonts=&#8221;yes&#8221; el_class=&#8221;vc_hidden-sm vc_hidden-xs&#8221;][vc_column_text]<strong><span class=\"dropcap\">R<\/span>om\u00e2nii se pot m\u00e2ndri cu faptul c\u0103 avem \u0219i noi un super erou Marvel, prin super actorul Sebastian Stan, care-l interpreteaz\u0103 pe Bucky Barnes \/ Winter Soldier \u00een Avengers \u0219i \u00een toate celelalte produc\u021bii din Universul Cinematic Marvel.<\/strong>[\/vc_column_text][vc_column_text]Stan s-a n\u0103scut \u00een Constan\u021ba \u00een 1982, dar p\u0103rin\u021bii lui au divor\u021bat c\u00e2nd el avea doar 2 ani, iar la 8 ani a p\u0103r\u0103sit Rom\u00e2nia \u00eempreun\u0103 cu mama sa, Georgeta Orlovschi, \u0219i s-au mutat pentru o perioad\u0103 \u00een Viena, unde mama lui s-a angajat ca pianist\u0103. Patru ani mai t\u00e2rziu s-au mutat \u00een Statele Unite \u0219i \u00eenc\u0103 din \u0219coala general\u0103 Sebastian Stan a \u00eenceput s\u0103 joace \u00een piese de teatru, iar educa\u021bia sa din acest punct s-a axat \u00een mod special pe actorie. \u00cen 2002, Stan a devenit cet\u0103\u021bean american.<\/p>\n<p>Primul rol din cariera sa a fost \u00een 2003, \u00eentr-un episod din celebrul serial \u201eLaw &amp; Order\u201d. De aici au urmat numeroase alte roluri, at\u00e2t \u00een seriale, c\u00e2t \u0219i \u00een filme independente sau blockbustere &#8211; amintim aici rolurile din \u201eBlack Swan\u201d, \u201eCaptain America: The First Avenger\u201d, \u201eThe Apparition\u201d, \u201eGone\u201d sau din serialele \u201eGossip Girl\u201d, \u201eKings\u201d, \u201eOnce upon a time\u201d, \u201eThe Falcon and the Winter Soldier\u201d. A mai avut roluri deosebite \u0219i al\u0103turi de nume mari de la Hollywood \u00een filmele \u201eThe Devil All the Time\u201d, \u201eI, Tonya\u201d \u0219i \u201eDestroyer\u201d.[\/vc_column_text][\/vc_column][\/vc_row][vc_row full_width=&#8221;stretch_row&#8221;][vc_column][vc_column_text]Cariera lui Stan este una construit\u0103 prin mult\u0103 munc\u0103, iar rolul din primul film Marvel nu l-a f\u0103cut deloc bogat peste noapte. La acel moment nu semnase contractul pentru apari\u021bia \u00een alte 9 produc\u021bii Marvel, iar dup\u0103 lansarea filmului \u201eCaptain America: The First Avenger\u201d, \u00een 2011, Stan a declarat c\u0103 abia dac\u0103 mai avea bani s\u0103-\u0219i pl\u0103teasc\u0103 chiria.<\/p>\n<p>Acum, dup\u0103 ce a ap\u0103rut deja \u00een 37 de filme, Sebastian Stan este unul dintre cei mai aprecia\u021bi actori de la Hollywood, iar averea sa este estimat\u0103 la 8 milioane de dolari.[\/vc_column_text][\/vc_column][\/vc_row][vc_row gap=&#8221;30&#8243; equal_height=&#8221;yes&#8221; content_placement=&#8221;middle&#8221;][vc_column][vc_empty_space height=&#8221;16px&#8221; css=&#8221;.vc_custom_1635946109351{border-top-width: 1px !important;border-top-color: #bbbdbf !important;border-top-style: solid !important;}&#8221;][vc_btn title=&#8221;\u00cenapoi la prima pagin\u0103&#8221; style=&#8221;custom&#8221; custom_background=&#8221;#061539&#8243; custom_text=&#8221;#ffffff&#8221; shape=&#8221;round&#8221; align=&#8221;center&#8221; i_icon_fontawesome=&#8221;fas fa-angle-left&#8221; add_icon=&#8221;true&#8221; link=&#8221;url:https%3A%2F%2Fbarbatidesucces.ro%2F2021&#8243;][\/vc_column][\/vc_row][vc_row gap=&#8221;30&#8243; equal_height=&#8221;yes&#8221; content_placement=&#8221;middle&#8221; el_class=&#8221;vc_hidden-sm vc_hidden-xs&#8221;][vc_column width=&#8221;2\/3&#8243;][vc_row_inner equal_height=&#8221;yes&#8221; content_placement=&#8221;middle&#8221;][vc_column_inner width=&#8221;1\/4&#8243; offset=&#8221;vc_col-xs-6&#8243;][vc_column_text]<\/p>\n<p style=\"text-align: center;\">un proiect<\/p>\n<p>[\/vc_column_text][vc_single_image image=&#8221;118&#8243; img_size=&#8221;full&#8221; alignment=&#8221;center&#8221;][\/vc_column_inner][vc_column_inner width=&#8221;1\/4&#8243; offset=&#8221;vc_col-xs-6&#8243;][vc_column_text]<\/p>\n<p style=\"text-align: center;\">sus\u021binut de<\/p>\n<p>[\/vc_column_text][vc_single_image image=&#8221;119&#8243; img_size=&#8221;full&#8221; alignment=&#8221;center&#8221;][\/vc_column_inner][vc_column_inner width=&#8221;1\/4&#8243;][\/vc_column_inner][vc_column_inner width=&#8221;1\/4&#8243;][\/vc_column_inner][\/vc_row_inner][\/vc_column][vc_column width=&#8221;1\/3&#8243;][vc_row_inner equal_height=&#8221;yes&#8221;][vc_column_inner width=&#8221;1\/2&#8243;][\/vc_column_inner][vc_column_inner width=&#8221;1\/2&#8243;][vc_column_text]<\/p>\n<p style=\"text-align: center;\">powered by<\/p>\n<p>[\/vc_column_text][vc_single_image image=&#8221;120&#8243; img_size=&#8221;150&#215;150&#8243; alignment=&#8221;center&#8221;][\/vc_column_inner][\/vc_row_inner][\/vc_column][\/vc_row][vc_row gap=&#8221;30&#8243; equal_height=&#8221;yes&#8221; content_placement=&#8221;middle&#8221; el_class=&#8221;vc_hidden-lg vc_hidden-md&#8221;][vc_column][vc_row_inner equal_height=&#8221;yes&#8221;][vc_column_inner][vc_column_text]<\/p>\n<p style=\"text-align: center;\">powered by<\/p>\n<p>[\/vc_column_text][vc_single_image image=&#8221;120&#8243; img_size=&#8221;150&#215;150&#8243; alignment=&#8221;center&#8221;][\/vc_column_inner][\/vc_row_inner][vc_row_inner equal_height=&#8221;yes&#8221; content_placement=&#8221;middle&#8221;][vc_column_inner width=&#8221;1\/2&#8243; offset=&#8221;vc_col-xs-6&#8243;][vc_column_text]<\/p>\n<p style=\"text-align: center;\">un proiect<\/p>\n<p>[\/vc_column_text][vc_single_image image=&#8221;118&#8243; img_size=&#8221;full&#8221; alignment=&#8221;center&#8221;][\/vc_column_inner][vc_column_inner width=&#8221;1\/2&#8243; offset=&#8221;vc_col-xs-6&#8243;][vc_column_text]<\/p>\n<p style=\"text-align: center;\">sus\u021binut de<\/p>\n<p>[\/vc_column_text][vc_single_image image=&#8221;119&#8243; img_size=&#8221;full&#8221; alignment=&#8221;center&#8221;][\/vc_column_inner][\/vc_row_inner][\/vc_column][\/vc_row]<\/p>\n","protected":false},"excerpt":{"rendered":"<p>[vc_row full_width=&#8221;stretch_row&#8221;][vc_column width=&#8221;1\/2&#8243;][vc_custom_heading text=&#8221;Sebastian STAN&#8221; font_container=&#8221;tag:h1|text_align:left|color:%23061539&#8243; use_theme_fonts=&#8221;yes&#8221; el_class=&#8221;vc_hidden-lg vc_hidden-md&#8221;][vc_row_inner][vc_column_inner][vc_single_image image=&#8221;618&#8243; img_size=&#8221;1200&#215;1200&#8243; alignment=&#8221;center&#8221; el_class=&#8221;imagine-top-barbati&#8221;][\/vc_column_inner][\/vc_row_inner][vc_row_inner equal_height=&#8221;yes&#8221; content_placement=&#8221;middle&#8221;][vc_column_inner width=&#8221;1\/3&#8243; offset=&#8221;vc_col-xs-4&#8243;][vc_single_image image=&#8221;619&#8243; img_size=&#8221;full&#8221; alignment=&#8221;center&#8221; el_class=&#8221;numar-top&#8221; css=&#8221;.vc_custom_1635945189349{margin-top: -150px !important;}&#8221;][\/vc_column_inner][vc_column_inner width=&#8221;2\/3&#8243; offset=&#8221;vc_col-xs-8&#8243;][vc_custom_heading text=&#8221;7.645 puncte&#8221; use_theme_fonts=&#8221;yes&#8221; el_class=&#8221;puncte_top&#8221;][\/vc_column_inner][\/vc_row_inner][\/vc_column][vc_column width=&#8221;1\/2&#8243;][vc_custom_heading text=&#8221;Sebastian STAN&#8221; font_container=&#8221;tag:h1|font_size:3.0625rem|text_align:left|color:%23061539&#8243; use_theme_fonts=&#8221;yes&#8221; el_class=&#8221;vc_hidden-sm vc_hidden-xs&#8221;][vc_column_text]Rom\u00e2nii se pot m\u00e2ndri cu faptul c\u0103 avem \u0219i noi un super erou Marvel, prin super actorul Sebastian Stan, &hellip; <a href=\"https:\/\/barbatidesucces.ro\/2021\/sebastian-stan\/\" class=\"more-link\">Continu\u0103 lectura<span class=\"screen-reader-text\"> \u201eSebastian STAN<br \/>locul 10 \/  7.645 puncte\u201d<\/span><\/a><\/p>\n","protected":false},"author":1,"featured_media":0,"parent":0,"menu_order":0,"comment_status":"closed","ping_status":"closed","template":"page-nosidebar.php","meta":{"footnotes":""},"yoast_head":"<!-- This site is optimized with the Yoast SEO plugin v17.5 - https:\/\/yoast.com\/wordpress\/plugins\/seo\/ -->\n<title>Sebastian STAN -<\/title>\n<meta name=\"robots\" content=\"index, follow, max-snippet:-1, max-image-preview:large, max-video-preview:-1\" \/>\n<link rel=\"canonical\" href=\"https:\/\/barbatidesucces.ro\/2021\/sebastian-stan\/\" \/>\n<meta property=\"og:locale\" content=\"ro_RO\" \/>\n<meta property=\"og:type\" content=\"article\" \/>\n<meta property=\"og:title\" content=\"Sebastian STAN -\" \/>\n<meta property=\"og:description\" content=\"[vc_row full_width=&#8221;stretch_row&#8221;][vc_column width=&#8221;1\/2&#8243;][vc_custom_heading text=&#8221;Sebastian STAN&#8221; font_container=&#8221;tag:h1|text_align:left|color:%23061539&#8243; use_theme_fonts=&#8221;yes&#8221; el_class=&#8221;vc_hidden-lg vc_hidden-md&#8221;][vc_row_inner][vc_column_inner][vc_single_image image=&#8221;618&#8243; img_size=&#8221;1200&#215;1200&#8243; alignment=&#8221;center&#8221; el_class=&#8221;imagine-top-barbati&#8221;][\/vc_column_inner][\/vc_row_inner][vc_row_inner equal_height=&#8221;yes&#8221; content_placement=&#8221;middle&#8221;][vc_column_inner width=&#8221;1\/3&#8243; offset=&#8221;vc_col-xs-4&#8243;][vc_single_image image=&#8221;619&#8243; img_size=&#8221;full&#8221; alignment=&#8221;center&#8221; el_class=&#8221;numar-top&#8221; css=&#8221;.vc_custom_1635945189349{margin-top: -150px !important;}&#8221;][\/vc_column_inner][vc_column_inner width=&#8221;2\/3&#8243; offset=&#8221;vc_col-xs-8&#8243;][vc_custom_heading text=&#8221;7.645 puncte&#8221; use_theme_fonts=&#8221;yes&#8221; el_class=&#8221;puncte_top&#8221;][\/vc_column_inner][\/vc_row_inner][\/vc_column][vc_column width=&#8221;1\/2&#8243;][vc_custom_heading text=&#8221;Sebastian STAN&#8221; font_container=&#8221;tag:h1|font_size:3.0625rem|text_align:left|color:%23061539&#8243; use_theme_fonts=&#8221;yes&#8221; el_class=&#8221;vc_hidden-sm vc_hidden-xs&#8221;][vc_column_text]Rom\u00e2nii se pot m\u00e2ndri cu faptul c\u0103 avem \u0219i noi un super erou Marvel, prin super actorul Sebastian Stan, &hellip; Continu\u0103 lectura \u201eSebastian STANlocul 10 \/ 7.645 puncte\u201d\" \/>\n<meta property=\"og:url\" content=\"https:\/\/barbatidesucces.ro\/2021\/sebastian-stan\/\" \/>\n<meta property=\"article:modified_time\" content=\"2022-11-01T16:30:05+00:00\" \/>\n<meta property=\"og:image\" content=\"https:\/\/barbatidesucces.ro\/2021\/wp-content\/uploads\/2021\/09\/fb-barbatidesucces-ro-01.png\" \/>\n\t<meta property=\"og:image:width\" content=\"1200\" \/>\n\t<meta property=\"og:image:height\" content=\"630\" \/>\n<meta name=\"twitter:card\" content=\"summary_large_image\" \/>\n<meta name=\"twitter:label1\" content=\"Timp estimat pentru citire\" \/>\n\t<meta name=\"twitter:data1\" content=\"2 minute\" \/>\n<script type=\"application\/ld+json\" class=\"yoast-schema-graph\">{\"@context\":\"https:\/\/schema.org\",\"@graph\":[{\"@type\":\"WebSite\",\"@id\":\"https:\/\/barbatidesucces.ro\/2021\/#website\",\"url\":\"https:\/\/barbatidesucces.ro\/2021\/\",\"name\":\"\",\"description\":\"2021\",\"potentialAction\":[{\"@type\":\"SearchAction\",\"target\":{\"@type\":\"EntryPoint\",\"urlTemplate\":\"https:\/\/barbatidesucces.ro\/2021\/?s={search_term_string}\"},\"query-input\":\"required name=search_term_string\"}],\"inLanguage\":\"ro-RO\"},{\"@type\":\"WebPage\",\"@id\":\"https:\/\/barbatidesucces.ro\/2021\/sebastian-stan\/#webpage\",\"url\":\"https:\/\/barbatidesucces.ro\/2021\/sebastian-stan\/\",\"name\":\"Sebastian STAN -\",\"isPartOf\":{\"@id\":\"https:\/\/barbatidesucces.ro\/2021\/#website\"},\"datePublished\":\"2021-11-03T13:13:53+00:00\",\"dateModified\":\"2022-11-01T16:30:05+00:00\",\"breadcrumb\":{\"@id\":\"https:\/\/barbatidesucces.ro\/2021\/sebastian-stan\/#breadcrumb\"},\"inLanguage\":\"ro-RO\",\"potentialAction\":[{\"@type\":\"ReadAction\",\"target\":[\"https:\/\/barbatidesucces.ro\/2021\/sebastian-stan\/\"]}]},{\"@type\":\"BreadcrumbList\",\"@id\":\"https:\/\/barbatidesucces.ro\/2021\/sebastian-stan\/#breadcrumb\",\"itemListElement\":[{\"@type\":\"ListItem\",\"position\":1,\"name\":\"Prima pagin\\u0103\",\"item\":\"https:\/\/barbatidesucces.ro\/2021\/\"},{\"@type\":\"ListItem\",\"position\":2,\"name\":\"Sebastian STAN\"}]}]}<\/script>\n<!-- \/ Yoast SEO plugin. -->","yoast_head_json":{"title":"Sebastian STAN -","robots":{"index":"index","follow":"follow","max-snippet":"max-snippet:-1","max-image-preview":"max-image-preview:large","max-video-preview":"max-video-preview:-1"},"canonical":"https:\/\/barbatidesucces.ro\/2021\/sebastian-stan\/","og_locale":"ro_RO","og_type":"article","og_title":"Sebastian STAN -","og_description":"[vc_row full_width=&#8221;stretch_row&#8221;][vc_column width=&#8221;1\/2&#8243;][vc_custom_heading text=&#8221;Sebastian STAN&#8221; font_container=&#8221;tag:h1|text_align:left|color:%23061539&#8243; use_theme_fonts=&#8221;yes&#8221; el_class=&#8221;vc_hidden-lg vc_hidden-md&#8221;][vc_row_inner][vc_column_inner][vc_single_image image=&#8221;618&#8243; img_size=&#8221;1200&#215;1200&#8243; alignment=&#8221;center&#8221; el_class=&#8221;imagine-top-barbati&#8221;][\/vc_column_inner][\/vc_row_inner][vc_row_inner equal_height=&#8221;yes&#8221; content_placement=&#8221;middle&#8221;][vc_column_inner width=&#8221;1\/3&#8243; offset=&#8221;vc_col-xs-4&#8243;][vc_single_image image=&#8221;619&#8243; img_size=&#8221;full&#8221; alignment=&#8221;center&#8221; el_class=&#8221;numar-top&#8221; css=&#8221;.vc_custom_1635945189349{margin-top: -150px !important;}&#8221;][\/vc_column_inner][vc_column_inner width=&#8221;2\/3&#8243; offset=&#8221;vc_col-xs-8&#8243;][vc_custom_heading text=&#8221;7.645 puncte&#8221; use_theme_fonts=&#8221;yes&#8221; el_class=&#8221;puncte_top&#8221;][\/vc_column_inner][\/vc_row_inner][\/vc_column][vc_column width=&#8221;1\/2&#8243;][vc_custom_heading text=&#8221;Sebastian STAN&#8221; font_container=&#8221;tag:h1|font_size:3.0625rem|text_align:left|color:%23061539&#8243; use_theme_fonts=&#8221;yes&#8221; el_class=&#8221;vc_hidden-sm vc_hidden-xs&#8221;][vc_column_text]Rom\u00e2nii se pot m\u00e2ndri cu faptul c\u0103 avem \u0219i noi un super erou Marvel, prin super actorul Sebastian Stan, &hellip; Continu\u0103 lectura \u201eSebastian STANlocul 10 \/ 7.645 puncte\u201d","og_url":"https:\/\/barbatidesucces.ro\/2021\/sebastian-stan\/","article_modified_time":"2022-11-01T16:30:05+00:00","og_image":[{"width":1200,"height":630,"url":"https:\/\/barbatidesucces.ro\/2021\/wp-content\/uploads\/2021\/09\/fb-barbatidesucces-ro-01.png","type":"image\/png"}],"twitter_card":"summary_large_image","twitter_misc":{"Timp estimat pentru citire":"2 minute"},"schema":{"@context":"https:\/\/schema.org","@graph":[{"@type":"WebSite","@id":"https:\/\/barbatidesucces.ro\/2021\/#website","url":"https:\/\/barbatidesucces.ro\/2021\/","name":"","description":"2021","potentialAction":[{"@type":"SearchAction","target":{"@type":"EntryPoint","urlTemplate":"https:\/\/barbatidesucces.ro\/2021\/?s={search_term_string}"},"query-input":"required name=search_term_string"}],"inLanguage":"ro-RO"},{"@type":"WebPage","@id":"https:\/\/barbatidesucces.ro\/2021\/sebastian-stan\/#webpage","url":"https:\/\/barbatidesucces.ro\/2021\/sebastian-stan\/","name":"Sebastian STAN -","isPartOf":{"@id":"https:\/\/barbatidesucces.ro\/2021\/#website"},"datePublished":"2021-11-03T13:13:53+00:00","dateModified":"2022-11-01T16:30:05+00:00","breadcrumb":{"@id":"https:\/\/barbatidesucces.ro\/2021\/sebastian-stan\/#breadcrumb"},"inLanguage":"ro-RO","potentialAction":[{"@type":"ReadAction","target":["https:\/\/barbatidesucces.ro\/2021\/sebastian-stan\/"]}]},{"@type":"BreadcrumbList","@id":"https:\/\/barbatidesucces.ro\/2021\/sebastian-stan\/#breadcrumb","itemListElement":[{"@type":"ListItem","position":1,"name":"Prima pagin\u0103","item":"https:\/\/barbatidesucces.ro\/2021\/"},{"@type":"ListItem","position":2,"name":"Sebastian STAN"}]}]}},"_links":{"self":[{"href":"https:\/\/barbatidesucces.ro\/2021\/wp-json\/wp\/v2\/pages\/617"}],"collection":[{"href":"https:\/\/barbatidesucces.ro\/2021\/wp-json\/wp\/v2\/pages"}],"about":[{"href":"https:\/\/barbatidesucces.ro\/2021\/wp-json\/wp\/v2\/types\/page"}],"author":[{"embeddable":true,"href":"https:\/\/barbatidesucces.ro\/2021\/wp-json\/wp\/v2\/users\/1"}],"replies":[{"embeddable":true,"href":"https:\/\/barbatidesucces.ro\/2021\/wp-json\/wp\/v2\/comments?post=617"}],"version-history":[{"count":5,"href":"https:\/\/barbatidesucces.ro\/2021\/wp-json\/wp\/v2\/pages\/617\/revisions"}],"predecessor-version":[{"id":845,"href":"https:\/\/barbatidesucces.ro\/2021\/wp-json\/wp\/v2\/pages\/617\/revisions\/845"}],"wp:attachment":[{"href":"https:\/\/barbatidesucces.ro\/2021\/wp-json\/wp\/v2\/media?parent=617"}],"curies":[{"name":"wp","href":"https:\/\/api.w.org\/{rel}","templated":true}]}}